{"id":795,"date":"2016-03-18T07:48:56","date_gmt":"2016-03-18T07:48:56","guid":{"rendered":"https:\/\/healthinnovationmaster.vhir.org\/el-master-en-xifres\/?lang=es"},"modified":"2024-02-27T11:33:08","modified_gmt":"2024-02-27T11:33:08","slug":"el-master-en-xifres","status":"publish","type":"page","link":"https:\/\/healthinnovationmaster.vhir.org\/es\/el-master-en-xifres\/","title":{"rendered":"El m\u00e1ster en cifras"},"content":{"rendered":"<p>Por el hecho de tratarse de la primera edici\u00f3n del M\u00e1ster Health Innovation and Entrepreneurship, todav\u00eda no disponemos de estos datos.<\/p>\n","protected":false},"excerpt":{"rendered":"<p>Por el hecho de tratarse de la primera edici\u00f3n del M\u00e1ster Health Innovation and Entrepreneurship, todav\u00eda no disponemos de estos datos.<\/p>\n","protected":false},"author":4,"featured_media":4332,"parent":0,"menu_order":0,"comment_status":"closed","ping_status":"closed","template":"page-basic-with-widget.php","meta":{"_acf_changed":false,"footnotes":""},"class_list":["post-795","page","type-page","status-publish","has-post-thumbnail","hentry"],"acf":[],"_links":{"self":[{"href":"https:\/\/healthinnovationmaster.vhir.org\/es\/wp-json\/wp\/v2\/pages\/795","targetHints":{"allow":["GET"]}}],"collection":[{"href":"https:\/\/healthinnovationmaster.vhir.org\/es\/wp-json\/wp\/v2\/pages"}],"about":[{"href":"https:\/\/healthinnovationmaster.vhir.org\/es\/wp-json\/wp\/v2\/types\/page"}],"author":[{"embeddable":true,"href":"https:\/\/healthinnovationmaster.vhir.org\/es\/wp-json\/wp\/v2\/users\/4"}],"replies":[{"embeddable":true,"href":"https:\/\/healthinnovationmaster.vhir.org\/es\/wp-json\/wp\/v2\/comments?post=795"}],"version-history":[{"count":30,"href":"https:\/\/healthinnovationmaster.vhir.org\/es\/wp-json\/wp\/v2\/pages\/795\/revisions"}],"predecessor-version":[{"id":4264,"href":"https:\/\/healthinnovationmaster.vhir.org\/es\/wp-json\/wp\/v2\/pages\/795\/revisions\/4264"}],"wp:featuredmedia":[{"embeddable":true,"href":"https:\/\/healthinnovationmaster.vhir.org\/es\/wp-json\/wp\/v2\/media\/4332"}],"wp:attachment":[{"href":"https:\/\/healthinnovationmaster.vhir.org\/es\/wp-json\/wp\/v2\/media?parent=795"}],"curies":[{"name":"wp","href":"https:\/\/api.w.org\/{rel}","templated":true}]}}