{"id":4533,"date":"2024-06-14T08:15:06","date_gmt":"2024-06-14T08:15:06","guid":{"rendered":"https:\/\/healthinnovationmaster.vhir.org\/self-leadership-and-soft-skills\/"},"modified":"2025-06-17T09:29:29","modified_gmt":"2025-06-17T07:29:29","slug":"self-leadership-and-soft-skills","status":"publish","type":"page","link":"https:\/\/healthinnovationmaster.vhir.org\/es\/cursos-despecialitzacio\/self-leadership-and-soft-skills\/","title":{"rendered":"Self leadership and soft skills"},"content":{"rendered":"<p><strong>COORDINACI\u00d3N:<\/strong> Rafael Navajo<\/p>\n<p>El objetivo del curso de especializaci\u00f3n <em><strong>Self leadership and soft skills<\/strong><\/em> es reforzar las habilidades interpersonales para liderar eficazmente, con una perspectiva de gesti\u00f3n de equipos y habilidades de comunicaci\u00f3n adecuadas.<\/p>\n<p>A trav\u00e9s de las diversas sesiones se trabajar\u00e1 en t\u00e9cnicas de liderazgo esenciales, se adquirir\u00e1n herramientas y estrategias de liderazgo integral para poder dirigir equipos con eficacia, poder tomar decisiones informadas, establecer objetivos con coherencia e impulsar el \u00e9xito organizativo con un enfoque centrado en el usuario. Todo con una mentalidad emprendedora. EL curso est\u00e1 centrado en el refuerzo del liderazgo a trav\u00e9s de la mejora de las habilidades interpersonales, las t\u00e9cnicas de gesti\u00f3n de equipos y la mejora de las capacidades comunicativas y de negociaci\u00f3n con clientes, colaboradores, inversores y otras partes interesadas.<\/p>\n<table style=\"height: 65px; width: 100%; border-collapse: collapse;\">\n<tbody>\n<tr>\n<td style=\"width: 33.3333%;\">\u00a0<\/td>\n<td style=\"width: 33.3333%; background-color: #c62868; text-align: center;\"><a href=\"https:\/\/secretariavirtual.vhir.org\/#services\"><span style=\"color: #ffffff;\"><strong>INSCRIPCI\u00d3N<\/strong><\/span><\/a><\/td>\n<td style=\"width: 33.3333%;\">\u00a0<\/td>\n<\/tr>\n<\/tbody>\n<\/table>\n<h2>PROGRAMA<\/h2>\n<ol>\n<li>An\u00e1lisis y resoluci\u00f3n de problemas<\/li>\n<li>Alfabetizaci\u00f3n digital<\/li>\n<li>Hablar en p\u00fablico<\/li>\n<li>Centrarse en el cliente<\/li>\n<li>Eficacia<\/li>\n<li>Estrategias de crecimiento<\/li>\n<li>Establecimiento de metas y OKR (<em>Objectives and Key Results<\/em>)<\/li>\n<li>Negociaci\u00f3n y preparaci\u00f3n para la inversi\u00f3n<\/li>\n<li>Intercambio de experiencias<\/li>\n<\/ol>\n<p>Matr\u00edcula: 630\u20ac<\/p>\n<p>Conocimientos previos recomendados: No se requieren.\u00a0<\/p>\n","protected":false},"excerpt":{"rendered":"<p>COORDINACI\u00d3N: Rafael Navajo El objetivo del curso de especializaci\u00f3n Self leadership and soft skills es reforzar las habilidades interpersonales para liderar eficazmente, con una perspectiva de gesti\u00f3n de equipos y habilidades de comunicaci\u00f3n adecuadas. A trav\u00e9s de las diversas sesiones se trabajar\u00e1 en t\u00e9cnicas de liderazgo esenciales, se adquirir\u00e1n herramientas y estrategias de liderazgo integral [&hellip;]<\/p>\n","protected":false},"author":3,"featured_media":4141,"parent":4457,"menu_order":0,"comment_status":"closed","ping_status":"closed","template":"page-basic.php","meta":{"_acf_changed":false,"footnotes":""},"class_list":["post-4533","page","type-page","status-publish","has-post-thumbnail","hentry"],"acf":[],"_links":{"self":[{"href":"https:\/\/healthinnovationmaster.vhir.org\/es\/wp-json\/wp\/v2\/pages\/4533","targetHints":{"allow":["GET"]}}],"collection":[{"href":"https:\/\/healthinnovationmaster.vhir.org\/es\/wp-json\/wp\/v2\/pages"}],"about":[{"href":"https:\/\/healthinnovationmaster.vhir.org\/es\/wp-json\/wp\/v2\/types\/page"}],"author":[{"embeddable":true,"href":"https:\/\/healthinnovationmaster.vhir.org\/es\/wp-json\/wp\/v2\/users\/3"}],"replies":[{"embeddable":true,"href":"https:\/\/healthinnovationmaster.vhir.org\/es\/wp-json\/wp\/v2\/comments?post=4533"}],"version-history":[{"count":7,"href":"https:\/\/healthinnovationmaster.vhir.org\/es\/wp-json\/wp\/v2\/pages\/4533\/revisions"}],"predecessor-version":[{"id":5003,"href":"https:\/\/healthinnovationmaster.vhir.org\/es\/wp-json\/wp\/v2\/pages\/4533\/revisions\/5003"}],"up":[{"embeddable":true,"href":"https:\/\/healthinnovationmaster.vhir.org\/es\/wp-json\/wp\/v2\/pages\/4457"}],"wp:featuredmedia":[{"embeddable":true,"href":"https:\/\/healthinnovationmaster.vhir.org\/es\/wp-json\/wp\/v2\/media\/4141"}],"wp:attachment":[{"href":"https:\/\/healthinnovationmaster.vhir.org\/es\/wp-json\/wp\/v2\/media?parent=4533"}],"curies":[{"name":"wp","href":"https:\/\/api.w.org\/{rel}","templated":true}]}}