{"id":4509,"date":"2024-06-14T07:16:20","date_gmt":"2024-06-14T07:16:20","guid":{"rendered":"https:\/\/healthinnovationmaster.vhir.org\/cursos-despecialitzacio\/valorization-and-technology-transfer\/"},"modified":"2025-06-17T09:41:11","modified_gmt":"2025-06-17T07:41:11","slug":"valorization-and-technology-transfer","status":"publish","type":"page","link":"https:\/\/healthinnovationmaster.vhir.org\/es\/cursos-despecialitzacio\/valorization-and-technology-transfer\/","title":{"rendered":"Valorization and technology transfer"},"content":{"rendered":"<p><strong>COORDINADORA:<\/strong>\u00a0Mar\u00eda Garrido Mart\u00ednez<\/p>\n<p>El objetivo principal del curso de especializaci\u00f3n <em><strong>Valorization and technology transfer<\/strong><\/em> es facilitar los conocimientos y herramientas necesarias para idear y desarrollar un proyecto de innovaci\u00f3n en salud, en t\u00e9rminos de tecnolog\u00eda, desarrollo cl\u00ednico, modelo de negocio y estrategia reguladora. As\u00ed, como tener una visi\u00f3n adecuada para definir la mejor estrategia de transferencia de tecnolog\u00eda al mercado.<\/p>\n<p>En este curso, los alumnos y alumnas conocer\u00e1n en profundidad los puntos clave del proceso de desarrollo de un proyecto de innovaci\u00f3n, desde su conceptualizaci\u00f3n hasta su transferencia al mercado. Durante el curso, los y las estudiantes desarrollar\u00e1n capacidades para evaluar el grado de innovaci\u00f3n, dise\u00f1ar planes de desarrollo, as\u00ed como definir estrategias de protecci\u00f3n de la propiedad intelectual para diferentes proyectos de innovaci\u00f3n sanitaria. Adem\u00e1s, la asignatura proporcionar\u00e1 conocimientos y herramientas para dise\u00f1ar estrategias eficaces de transferencia de tecnolog\u00eda, basadas en una evaluaci\u00f3n exhaustiva de diferentes criterios. Para lo cual, los alumnos y alumnas trabajar\u00e1n tambi\u00e9n los aspectos legales necesarios en todo el proceso.<\/p>\n<table style=\"height: 65px; width: 100%; border-collapse: collapse;\">\n<tbody>\n<tr>\n<td style=\"width: 33.3333%;\">\u00a0<\/td>\n<td style=\"width: 33.3333%; background-color: #c62868; text-align: center;\"><a href=\"https:\/\/secretariavirtual.vhir.org\/#services\"><span style=\"color: #ffffff;\"><strong>INSCRIPCI\u00d3N<\/strong><\/span><\/a><\/td>\n<td style=\"width: 33.3333%;\">\u00a0<\/td>\n<\/tr>\n<\/tbody>\n<\/table>\n<h2>PROGRAMA<\/h2>\n<ol>\n<li>Proceso de transferencia tecnol\u00f3gica: de la idea al mercado<\/li>\n<li>Identificaci\u00f3n y evaluaci\u00f3n de soluciones innovadoras de alto impacto<\/li>\n<li>La propiedad intelectual y las estrategias para protegerla<\/li>\n<li>Proceso de valorizaci\u00f3n y vigilancia tecnol\u00f3gica<\/li>\n<li>Modelos de negocio y estrategias de transferencia tecnol\u00f3gica<\/li>\n<li>Claves para acceder al mercado<\/li>\n<li>Aspectos legales en innovaci\u00f3n y emprendimiento en salud<\/li>\n<li>Intercambio de experiencias en el \u00e1mbito de la innovaci\u00f3n en salud<\/li>\n<\/ol>\n<p>Matricula: 630\u20ac<\/p>\n<p>Conocimientos previos recomendados: Grado del \u00e1mbito sanitario, biociencias, ingenier\u00eda o empresariales.\u00a0<\/p>\n","protected":false},"excerpt":{"rendered":"<p>COORDINADORA:\u00a0Mar\u00eda Garrido Mart\u00ednez El objetivo principal del curso de especializaci\u00f3n Valorization and technology transfer es facilitar los conocimientos y herramientas necesarias para idear y desarrollar un proyecto de innovaci\u00f3n en salud, en t\u00e9rminos de tecnolog\u00eda, desarrollo cl\u00ednico, modelo de negocio y estrategia reguladora. As\u00ed, como tener una visi\u00f3n adecuada para definir la mejor estrategia de [&hellip;]<\/p>\n","protected":false},"author":3,"featured_media":4129,"parent":4457,"menu_order":0,"comment_status":"closed","ping_status":"closed","template":"page-basic.php","meta":{"_acf_changed":false,"footnotes":""},"class_list":["post-4509","page","type-page","status-publish","has-post-thumbnail","hentry"],"acf":[],"_links":{"self":[{"href":"https:\/\/healthinnovationmaster.vhir.org\/es\/wp-json\/wp\/v2\/pages\/4509","targetHints":{"allow":["GET"]}}],"collection":[{"href":"https:\/\/healthinnovationmaster.vhir.org\/es\/wp-json\/wp\/v2\/pages"}],"about":[{"href":"https:\/\/healthinnovationmaster.vhir.org\/es\/wp-json\/wp\/v2\/types\/page"}],"author":[{"embeddable":true,"href":"https:\/\/healthinnovationmaster.vhir.org\/es\/wp-json\/wp\/v2\/users\/3"}],"replies":[{"embeddable":true,"href":"https:\/\/healthinnovationmaster.vhir.org\/es\/wp-json\/wp\/v2\/comments?post=4509"}],"version-history":[{"count":6,"href":"https:\/\/healthinnovationmaster.vhir.org\/es\/wp-json\/wp\/v2\/pages\/4509\/revisions"}],"predecessor-version":[{"id":5011,"href":"https:\/\/healthinnovationmaster.vhir.org\/es\/wp-json\/wp\/v2\/pages\/4509\/revisions\/5011"}],"up":[{"embeddable":true,"href":"https:\/\/healthinnovationmaster.vhir.org\/es\/wp-json\/wp\/v2\/pages\/4457"}],"wp:featuredmedia":[{"embeddable":true,"href":"https:\/\/healthinnovationmaster.vhir.org\/es\/wp-json\/wp\/v2\/media\/4129"}],"wp:attachment":[{"href":"https:\/\/healthinnovationmaster.vhir.org\/es\/wp-json\/wp\/v2\/media?parent=4509"}],"curies":[{"name":"wp","href":"https:\/\/api.w.org\/{rel}","templated":true}]}}