{"id":4483,"date":"2024-06-14T06:38:47","date_gmt":"2024-06-14T06:38:47","guid":{"rendered":"https:\/\/healthinnovationmaster.vhir.org\/innovation-strategies-models-and-methodologies-in-health\/"},"modified":"2025-06-17T09:42:52","modified_gmt":"2025-06-17T07:42:52","slug":"innovation-strategies-models-and-methodologies-in-health","status":"publish","type":"page","link":"https:\/\/healthinnovationmaster.vhir.org\/es\/cursos-despecialitzacio\/innovation-strategies-models-and-methodologies-in-health\/","title":{"rendered":"Innovation strategies, models and methodologies in Health"},"content":{"rendered":"<p><strong>COORDINADORA: <\/strong><a href=\"https:\/\/www.vallhebron.com\/professionals\/anna-sala-cunill\">Dra. Ana Sala Cunill<\/a><\/p>\n<p>El objetivo del curso <strong><em>Innovation strategies, models and methodologies in Health<\/em>\u00a0<\/strong>es explorar la innovaci\u00f3n constante en la evoluci\u00f3n de la asistencia sanitaria, en la cual se usan metodolog\u00edas estrat\u00e9gicas que favorecen un cambio transformador. En \u00e9l se estudiar\u00e1 la intersecci\u00f3n entre la innovaci\u00f3n y la asistencia sanitaria y se trabajar\u00e1 en un amplio abanico de herramientas innovadoras que van del Lean hasta el Agile, se profundizar\u00e1 en Scrum. A trav\u00e9s de la materia se posibilitar\u00e1 el perfeccionamiento de habilidades de gesti\u00f3n de proyectos adaptadas a la innovaci\u00f3n sanitaria y a la capacidad de formular estrategias dentro de los sistemas sanitarios complejos.<\/p>\n<p>M\u00e1s all\u00e1 de las conferencias, se cultivar\u00e1 la cultura de la innovaci\u00f3n fomentando la colaboraci\u00f3n y el intercambio de conocimientos entre los estudiantes, a trav\u00e9s de talleres pr\u00e1cticos. El curso se presenta como un conjunto de herramientas que capacita a las personas para desempe\u00f1ar un papel vital en iniciativas de innovaci\u00f3n sanitaria de impacto, contribuyendo a la evoluci\u00f3n contin\u00faa del panorama sanitario.<\/p>\n<table style=\"height: 65px; width: 100%; border-collapse: collapse;\">\n<tbody>\n<tr>\n<td style=\"width: 33.3333%;\">\u00a0<\/td>\n<td style=\"width: 33.3333%; background-color: #c62868; text-align: center;\"><a href=\"https:\/\/secretariavirtual.vhir.org\/#services\"><span style=\"color: #ffffff;\"><strong>INSCRIPCI\u00d3N<\/strong><\/span><\/a><\/td>\n<td style=\"width: 33.3333%;\">\u00a0<\/td>\n<\/tr>\n<\/tbody>\n<\/table>\n<h2><strong>PROGRAMA<\/strong><\/h2>\n<ol>\n<li>Innovaci\u00f3n y asistencia sanitaria de alto valor<\/li>\n<li>Tipo de innovaci\u00f3n<\/li>\n<li>Metodolog\u00edas de innovaci\u00f3n I<\/li>\n<li>Metodolog\u00edas de innovaci\u00f3n I:\u00a0Lean<\/li>\n<li>Metodolog\u00edas de innovaci\u00f3n II:\u00a0Design\u00a0Thinking\u00a0\u2013 Dise\u00f1o de servicios<\/li>\n<li>Metodolog\u00edas de innovaci\u00f3n III: Agile<\/li>\n<li>Metodolog\u00edas de innovaci\u00f3n III:\u00a0Scrum\u00a0y metodolog\u00edas generales<\/li>\n<li>Gesti\u00f3n y ejecuci\u00f3n de proyectos de innovaci\u00f3n<\/li>\n<li>Estrategias y sistemas de innovaci\u00f3n<\/li>\n<li>Cultura de la innovaci\u00f3n e intercambio experiencias<\/li>\n<\/ol>\n<p>Matr\u00edcula: 945\u20ac<\/p>\n<p>Conocimientos previos recomendados: Grado en el entorno sanitario, biociencias, ingenier\u00eda o empresariales.<\/p>\n","protected":false},"excerpt":{"rendered":"<p>COORDINADORA: Dra. Ana Sala Cunill El objetivo del curso Innovation strategies, models and methodologies in Health\u00a0es explorar la innovaci\u00f3n constante en la evoluci\u00f3n de la asistencia sanitaria, en la cual se usan metodolog\u00edas estrat\u00e9gicas que favorecen un cambio transformador. En \u00e9l se estudiar\u00e1 la intersecci\u00f3n entre la innovaci\u00f3n y la asistencia sanitaria y se trabajar\u00e1 [&hellip;]<\/p>\n","protected":false},"author":3,"featured_media":4114,"parent":4457,"menu_order":0,"comment_status":"closed","ping_status":"closed","template":"page-basic.php","meta":{"_acf_changed":false,"footnotes":""},"class_list":["post-4483","page","type-page","status-publish","has-post-thumbnail","hentry"],"acf":[],"_links":{"self":[{"href":"https:\/\/healthinnovationmaster.vhir.org\/es\/wp-json\/wp\/v2\/pages\/4483","targetHints":{"allow":["GET"]}}],"collection":[{"href":"https:\/\/healthinnovationmaster.vhir.org\/es\/wp-json\/wp\/v2\/pages"}],"about":[{"href":"https:\/\/healthinnovationmaster.vhir.org\/es\/wp-json\/wp\/v2\/types\/page"}],"author":[{"embeddable":true,"href":"https:\/\/healthinnovationmaster.vhir.org\/es\/wp-json\/wp\/v2\/users\/3"}],"replies":[{"embeddable":true,"href":"https:\/\/healthinnovationmaster.vhir.org\/es\/wp-json\/wp\/v2\/comments?post=4483"}],"version-history":[{"count":16,"href":"https:\/\/healthinnovationmaster.vhir.org\/es\/wp-json\/wp\/v2\/pages\/4483\/revisions"}],"predecessor-version":[{"id":5012,"href":"https:\/\/healthinnovationmaster.vhir.org\/es\/wp-json\/wp\/v2\/pages\/4483\/revisions\/5012"}],"up":[{"embeddable":true,"href":"https:\/\/healthinnovationmaster.vhir.org\/es\/wp-json\/wp\/v2\/pages\/4457"}],"wp:featuredmedia":[{"embeddable":true,"href":"https:\/\/healthinnovationmaster.vhir.org\/es\/wp-json\/wp\/v2\/media\/4114"}],"wp:attachment":[{"href":"https:\/\/healthinnovationmaster.vhir.org\/es\/wp-json\/wp\/v2\/media?parent=4483"}],"curies":[{"name":"wp","href":"https:\/\/api.w.org\/{rel}","templated":true}]}}