{"id":4457,"date":"2024-06-14T06:11:11","date_gmt":"2024-06-14T06:11:11","guid":{"rendered":"https:\/\/healthinnovationmaster.vhir.org\/cursos-despecialitzacio\/"},"modified":"2024-06-14T11:02:38","modified_gmt":"2024-06-14T11:02:38","slug":"cursos-despecialitzacio","status":"publish","type":"page","link":"https:\/\/healthinnovationmaster.vhir.org\/es\/cursos-despecialitzacio\/","title":{"rendered":"Cursos"},"content":{"rendered":"<h4>Algunas de las asignaturas del programa de m\u00e1ster se pueden cursar como cursos de especializaci\u00f3n.<\/h4>\n<h2>Datos de inter\u00e9s y comunes a todos los cursos:<\/h2>\n<ul>\n<li>Los cursos tienen el mismo calendario que la asignatura dentro del m\u00e1ster ya que se trata del mismo grupo.<\/li>\n<li>El precio es de 105\u20ac\/ECTS y no se puede aplicar el descuento de ALUMNI UAB.<\/li>\n<li>Estos cursos no se pueden convalidar si posteriormente se decide cursar el m\u00e1ster.<\/li>\n<\/ul>\n","protected":false},"excerpt":{"rendered":"<p>Algunas de las asignaturas del programa de m\u00e1ster se pueden cursar como cursos de especializaci\u00f3n. Datos de inter\u00e9s y comunes a todos los cursos: Los cursos tienen el mismo calendario que la asignatura dentro del m\u00e1ster ya que se trata del mismo grupo. El precio es de 105\u20ac\/ECTS y no se puede aplicar el descuento [&hellip;]<\/p>\n","protected":false},"author":3,"featured_media":4141,"parent":0,"menu_order":0,"comment_status":"closed","ping_status":"closed","template":"page-basic.php","meta":{"_acf_changed":false,"footnotes":""},"class_list":["post-4457","page","type-page","status-publish","has-post-thumbnail","hentry"],"acf":[],"_links":{"self":[{"href":"https:\/\/healthinnovationmaster.vhir.org\/es\/wp-json\/wp\/v2\/pages\/4457","targetHints":{"allow":["GET"]}}],"collection":[{"href":"https:\/\/healthinnovationmaster.vhir.org\/es\/wp-json\/wp\/v2\/pages"}],"about":[{"href":"https:\/\/healthinnovationmaster.vhir.org\/es\/wp-json\/wp\/v2\/types\/page"}],"author":[{"embeddable":true,"href":"https:\/\/healthinnovationmaster.vhir.org\/es\/wp-json\/wp\/v2\/users\/3"}],"replies":[{"embeddable":true,"href":"https:\/\/healthinnovationmaster.vhir.org\/es\/wp-json\/wp\/v2\/comments?post=4457"}],"version-history":[{"count":7,"href":"https:\/\/healthinnovationmaster.vhir.org\/es\/wp-json\/wp\/v2\/pages\/4457\/revisions"}],"predecessor-version":[{"id":4474,"href":"https:\/\/healthinnovationmaster.vhir.org\/es\/wp-json\/wp\/v2\/pages\/4457\/revisions\/4474"}],"wp:featuredmedia":[{"embeddable":true,"href":"https:\/\/healthinnovationmaster.vhir.org\/es\/wp-json\/wp\/v2\/media\/4141"}],"wp:attachment":[{"href":"https:\/\/healthinnovationmaster.vhir.org\/es\/wp-json\/wp\/v2\/media?parent=4457"}],"curies":[{"name":"wp","href":"https:\/\/api.w.org\/{rel}","templated":true}]}}