{"id":259,"date":"2016-01-23T19:48:27","date_gmt":"2016-01-23T19:48:27","guid":{"rendered":"https:\/\/healthinnovationmaster.vhir.org\/acces-i-admissio-2\/"},"modified":"2025-03-04T10:43:05","modified_gmt":"2025-03-04T10:43:05","slug":"admissio","status":"publish","type":"page","link":"https:\/\/healthinnovationmaster.vhir.org\/es\/admissio\/","title":{"rendered":"Admisi\u00f3n"},"content":{"rendered":"<section class=\"page-content\">\n<div class=\"block goals\">\n<h2>ACCESO<\/h2>\n<p>El proceso de admisi\u00f3n sirve para comprobar que todos los y las alumnas cumplen los requisitos del programa, y garantizar as\u00ed un ambiente de trabajo \u00f3ptimo. Para solicitar la admisi\u00f3n, tienes que inscribirte en l\u00ednea y aportar la documentaci\u00f3n requerida.<\/p>\n<p>En el supuesto de que queden plazas libres una vez superada la fecha final de inscripci\u00f3n, la coordinaci\u00f3n puede ampliarla.<\/p>\n<table style=\"border-collapse: collapse; width: 100%; height: 43px;\">\n<tbody>\n<tr>\n<td style=\"width: 33.3333%;\">\u00a0<\/td>\n<td style=\"width: 33.3333%; background-color: #c62868; text-align: center;\"><span style=\"color: #ffffff;\"><a style=\"color: #ffffff;\" href=\"https:\/\/secretariavirtual.vhir.org\/#services\"><strong>\u00a1Inscr\u00edbete ahora!<\/strong><\/a><\/span><\/td>\n<td style=\"width: 33.3333%;\">\u00a0<\/td>\n<\/tr>\n<\/tbody>\n<\/table>\n<h2>REQUISITOS DE ADMISI\u00d3N<\/h2>\n<p>Para ser admitido al m\u00e1ster es necesario:<\/p>\n<ul>\n<li>Estar en posesi\u00f3n de un t\u00edtulo de graduado\/a universitario o equiparable, del \u00e1mbito de las ciencias de la vida y de la salud, u otras ramas formativas como econom\u00eda, ingenier\u00eda, <em>business<\/em>&#8230;<\/li>\n<li>Tambi\u00e9n podr\u00e1n acceder los titulados equivalentes en el extranjero.<\/li>\n<\/ul>\n<h2>CRITERIOS DE SELECCI\u00d3N<\/h2>\n<p>Las candidaturas que cumplan los requisitos de admisi\u00f3n ser\u00e1n seleccionadas siguiendo los siguientes criterios:<\/p>\n<ul>\n<li>Expediente acad\u00e9mico<\/li>\n<li>Curriculum vitae<\/li>\n<li>V\u00eddeo de motivaci\u00f3n dirigido a la coordinaci\u00f3n del m\u00e1ster (2 minutos de duraci\u00f3n)<\/li>\n<\/ul>\n<p>En una segunda fase de selecci\u00f3n, se har\u00e1 una breve entrevista personal a los candidatos y candidatas.<\/p>\n<\/div>\n<\/section>\n","protected":false},"excerpt":{"rendered":"<p>ACCESO El proceso de admisi\u00f3n sirve para comprobar que todos los y las alumnas cumplen los requisitos del programa, y garantizar as\u00ed un ambiente de trabajo \u00f3ptimo. Para solicitar la admisi\u00f3n, tienes que inscribirte en l\u00ednea y aportar la documentaci\u00f3n requerida. En el supuesto de que queden plazas libres una vez superada la fecha final [&hellip;]<\/p>\n","protected":false},"author":2,"featured_media":3981,"parent":0,"menu_order":0,"comment_status":"closed","ping_status":"closed","template":"page-basic.php","meta":{"_acf_changed":false,"footnotes":""},"class_list":["post-259","page","type-page","status-publish","has-post-thumbnail","hentry"],"acf":[],"_links":{"self":[{"href":"https:\/\/healthinnovationmaster.vhir.org\/es\/wp-json\/wp\/v2\/pages\/259","targetHints":{"allow":["GET"]}}],"collection":[{"href":"https:\/\/healthinnovationmaster.vhir.org\/es\/wp-json\/wp\/v2\/pages"}],"about":[{"href":"https:\/\/healthinnovationmaster.vhir.org\/es\/wp-json\/wp\/v2\/types\/page"}],"author":[{"embeddable":true,"href":"https:\/\/healthinnovationmaster.vhir.org\/es\/wp-json\/wp\/v2\/users\/2"}],"replies":[{"embeddable":true,"href":"https:\/\/healthinnovationmaster.vhir.org\/es\/wp-json\/wp\/v2\/comments?post=259"}],"version-history":[{"count":17,"href":"https:\/\/healthinnovationmaster.vhir.org\/es\/wp-json\/wp\/v2\/pages\/259\/revisions"}],"predecessor-version":[{"id":4631,"href":"https:\/\/healthinnovationmaster.vhir.org\/es\/wp-json\/wp\/v2\/pages\/259\/revisions\/4631"}],"wp:featuredmedia":[{"embeddable":true,"href":"https:\/\/healthinnovationmaster.vhir.org\/es\/wp-json\/wp\/v2\/media\/3981"}],"wp:attachment":[{"href":"https:\/\/healthinnovationmaster.vhir.org\/es\/wp-json\/wp\/v2\/media?parent=259"}],"curies":[{"name":"wp","href":"https:\/\/api.w.org\/{rel}","templated":true}]}}